{"id":8464,"date":"2020-08-12T15:13:16","date_gmt":"2020-08-12T20:13:16","guid":{"rendered":"https:\/\/scshub.net\/?page_id=8464"},"modified":"2026-04-29T12:23:02","modified_gmt":"2026-04-29T17:23:02","slug":"governance","status":"publish","type":"page","link":"https:\/\/scshub.net\/fr\/governance\/","title":{"rendered":"Gouvernance"},"content":{"rendered":"<div data-elementor-type=\"wp-page\" data-elementor-id=\"8464\" class=\"elementor elementor-8464\" data-elementor-post-type=\"page\">\n\t\t\t\t\t\t<section data-dce-background-color=\"#FFFFFF\" class=\"elementor-section elementor-top-section elementor-element elementor-element-380f71b peepso-box elementor-section-boxed elementor-section-height-default elementor-section-height-default\" data-id=\"380f71b\" data-element_type=\"section\" data-e-type=\"section\" data-settings=\"{&quot;background_background&quot;:&quot;classic&quot;}\">\n\t\t\t\t\t\t<div class=\"elementor-container elementor-column-gap-default\">\n\t\t\t\t\t<div class=\"elementor-column elementor-col-100 elementor-top-column elementor-element elementor-element-c8cf8fe\" data-id=\"c8cf8fe\" data-element_type=\"column\" data-e-type=\"column\">\n\t\t\t<div class=\"elementor-widget-wrap elementor-element-populated\">\n\t\t\t\t\t\t<div data-dce-title-color=\"#54595F\" class=\"elementor-element elementor-element-81d8f8e elementor-widget elementor-widget-heading\" data-id=\"81d8f8e\" data-element_type=\"widget\" data-e-type=\"widget\" data-widget_type=\"heading.default\">\n\t\t\t\t<div class=\"elementor-widget-container\">\n\t\t\t\t\t<h1 class=\"elementor-heading-title elementor-size-default\">Comit\u00e9 Ex\u00e9cutif<\/h1>\t\t\t\t<\/div>\n\t\t\t\t<\/div>\n\t\t\t\t\t<\/div>\n\t\t<\/div>\n\t\t\t\t\t<\/div>\n\t\t<\/section>\n\t\t\t\t<section class=\"elementor-section elementor-top-section elementor-element elementor-element-4700ef4 elementor-section-full_width peepso-box elementor-section-height-default elementor-section-height-default\" data-id=\"4700ef4\" data-element_type=\"section\" data-e-type=\"section\">\n\t\t\t\t\t\t<div class=\"elementor-container elementor-column-gap-default\">\n\t\t\t\t\t<div class=\"elementor-column elementor-col-100 elementor-top-column elementor-element elementor-element-bee4f0c\" data-id=\"bee4f0c\" data-element_type=\"column\" data-e-type=\"column\">\n\t\t\t<div class=\"elementor-widget-wrap elementor-element-populated\">\n\t\t\t\t\t\t<div class=\"elementor-element elementor-element-c739c14 elementor-widget__width-initial elementor-widget-mobile__width-inherit dce_masking-none elementor-position-top elementor-widget elementor-widget-image-box\" data-id=\"c739c14\" data-element_type=\"widget\" data-e-type=\"widget\" data-widget_type=\"image-box.default\">\n\t\t\t\t<div class=\"elementor-widget-container\">\n\t\t\t\t\t<div class=\"elementor-image-box-wrapper\"><figure class=\"elementor-image-box-img\"><img fetchpriority=\"high\" decoding=\"async\" width=\"300\" height=\"300\" src=\"https:\/\/scshub.net\/wp-content\/uploads\/2023\/12\/Martine-Barons_EC-300x300.jpg\" class=\"attachment-medium size-medium wp-image-30478\" alt=\"\" srcset=\"https:\/\/scshub.net\/wp-content\/uploads\/2023\/12\/Martine-Barons_EC-300x300.jpg 300w, https:\/\/scshub.net\/wp-content\/uploads\/2023\/12\/Martine-Barons_EC-1024x1024.jpg 1024w, https:\/\/scshub.net\/wp-content\/uploads\/2023\/12\/Martine-Barons_EC-150x150.jpg 150w, https:\/\/scshub.net\/wp-content\/uploads\/2023\/12\/Martine-Barons_EC-768x767.jpg 768w, https:\/\/scshub.net\/wp-content\/uploads\/2023\/12\/Martine-Barons_EC.jpg 1251w\" sizes=\"(max-width: 300px) 100vw, 300px\" \/><\/figure><div class=\"elementor-image-box-content\"><h3 class=\"elementor-image-box-title\">Executive Chair <\/br>Dr. Martine J. Barons (Science de la complexit\u00e9 et sant\u00e9, Universit\u00e9 de Warwick)<\/h3><p class=\"elementor-image-box-description\"><ul>\n<li>Reader in Statistics, Director of the Applied Statistics &amp; Risk Unit, Department of Statistics, University of Warwick<\/li>\n<li>Warwick\nRoyaume-Uni<\/li>\n<\/p><\/div><\/div>\t\t\t\t<\/div>\n\t\t\t\t<\/div>\n\t\t\t\t<div class=\"elementor-element elementor-element-66a9aa8 elementor-widget__width-initial elementor-widget-mobile__width-inherit dce_masking-none elementor-position-top elementor-widget elementor-widget-image-box\" data-id=\"66a9aa8\" data-element_type=\"widget\" data-e-type=\"widget\" data-widget_type=\"image-box.default\">\n\t\t\t\t<div class=\"elementor-widget-container\">\n\t\t\t\t\t<div class=\"elementor-image-box-wrapper\"><figure class=\"elementor-image-box-img\"><img decoding=\"async\" width=\"300\" height=\"300\" data-src=\"https:\/\/scshub.net\/wp-content\/uploads\/2023\/12\/Cossi-Augustin-AHOGA_EC-300x300.png\" class=\"attachment-medium size-medium wp-image-30482 lazyload\" alt=\"\" data-srcset=\"https:\/\/scshub.net\/wp-content\/uploads\/2023\/12\/Cossi-Augustin-AHOGA_EC-300x300.png 300w, https:\/\/scshub.net\/wp-content\/uploads\/2023\/12\/Cossi-Augustin-AHOGA_EC-150x150.png 150w, https:\/\/scshub.net\/wp-content\/uploads\/2023\/12\/Cossi-Augustin-AHOGA_EC-768x768.png 768w, https:\/\/scshub.net\/wp-content\/uploads\/2023\/12\/Cossi-Augustin-AHOGA_EC.png 1024w\" data-sizes=\"(max-width: 300px) 100vw, 300px\" src=\"data:image\/svg+xml;base64,PHN2ZyB3aWR0aD0iMSIgaGVpZ2h0PSIxIiB4bWxucz0iaHR0cDovL3d3dy53My5vcmcvMjAwMC9zdmciPjwvc3ZnPg==\" style=\"--smush-placeholder-width: 300px; --smush-placeholder-aspect-ratio: 300\/300;\" \/><\/figure><div class=\"elementor-image-box-content\"><h3 class=\"elementor-image-box-title\">Prof. Cossi Augustin AHOGA (\u00c9conomie, th\u00e9ologie et socio-anthropologie, Universit\u00e9 de l'Alliance Chr\u00e9tienne d'Abidjan)<\/h3><p class=\"elementor-image-box-description\"><ul>\n<li>Conf\u00e9rencier en dialogue interreligieux, anthropologie culturelle et r\u00e9alit\u00e9s endog\u00e8nes africaines. Pr\u00e9sident du Laboratoire Interdisciplinaire des R\u00e9alit\u00e9s Endog\u00e8nes : LIRE-Afrique<\/li>\n<li>B\u00e9nin<\/li>\n<\/ul><\/p><\/div><\/div>\t\t\t\t<\/div>\n\t\t\t\t<\/div>\n\t\t\t\t<div class=\"elementor-element elementor-element-94b354a elementor-widget__width-initial elementor-widget-mobile__width-inherit dce_masking-none elementor-position-top elementor-widget elementor-widget-image-box\" data-id=\"94b354a\" data-element_type=\"widget\" data-e-type=\"widget\" data-widget_type=\"image-box.default\">\n\t\t\t\t<div class=\"elementor-widget-container\">\n\t\t\t\t\t<div class=\"elementor-image-box-wrapper\"><figure class=\"elementor-image-box-img\"><img decoding=\"async\" width=\"300\" height=\"300\" data-src=\"https:\/\/scshub.net\/wp-content\/uploads\/2025\/10\/Tavershima-Dzenda-EC-e1761067534423-300x300.jpg\" class=\"attachment-medium size-medium wp-image-39660 lazyload\" alt=\"\" data-srcset=\"https:\/\/scshub.net\/wp-content\/uploads\/2025\/10\/Tavershima-Dzenda-EC-e1761067534423-300x300.jpg 300w, https:\/\/scshub.net\/wp-content\/uploads\/2025\/10\/Tavershima-Dzenda-EC-e1761067534423-1024x1024.jpg 1024w, https:\/\/scshub.net\/wp-content\/uploads\/2025\/10\/Tavershima-Dzenda-EC-e1761067534423-150x150.jpg 150w, https:\/\/scshub.net\/wp-content\/uploads\/2025\/10\/Tavershima-Dzenda-EC-e1761067534423-768x768.jpg 768w, https:\/\/scshub.net\/wp-content\/uploads\/2025\/10\/Tavershima-Dzenda-EC-e1761067534423-12x12.jpg 12w, https:\/\/scshub.net\/wp-content\/uploads\/2025\/10\/Tavershima-Dzenda-EC-e1761067534423-1320x1320.jpg 1320w, https:\/\/scshub.net\/wp-content\/uploads\/2025\/10\/Tavershima-Dzenda-EC-e1761067534423.jpg 1371w\" data-sizes=\"(max-width: 300px) 100vw, 300px\" src=\"data:image\/svg+xml;base64,PHN2ZyB3aWR0aD0iMSIgaGVpZ2h0PSIxIiB4bWxucz0iaHR0cDovL3d3dy53My5vcmcvMjAwMC9zdmciPjwvc3ZnPg==\" style=\"--smush-placeholder-width: 300px; --smush-placeholder-aspect-ratio: 300\/300;\" \/><\/figure><div class=\"elementor-image-box-content\"><h3 class=\"elementor-image-box-title\">Tavershima Dzenda, Ph.D. (Veterinary Physiology, Ahmadu Bello University, Nigeria)<\/h3><p class=\"elementor-image-box-description\"><ul>\n \t<li>Professor of Veterinary Physiology,\nAhmadu Bello University, Nigeria. <\/li>\n \t<li>Nig\u00e9ria<\/li>\n<\/ul><\/p><\/div><\/div>\t\t\t\t<\/div>\n\t\t\t\t<\/div>\n\t\t\t\t<div class=\"elementor-element elementor-element-6a8033f elementor-widget__width-initial elementor-widget-mobile__width-inherit dce_masking-none elementor-position-top elementor-widget elementor-widget-image-box\" data-id=\"6a8033f\" data-element_type=\"widget\" data-e-type=\"widget\" data-widget_type=\"image-box.default\">\n\t\t\t\t<div class=\"elementor-widget-container\">\n\t\t\t\t\t<div class=\"elementor-image-box-wrapper\"><figure class=\"elementor-image-box-img\"><img decoding=\"async\" data-src=\"https:\/\/scshub.net\/wp-content\/uploads\/elementor\/thumbs\/Peter-Schuurman-3-e1759859353464-rcv8n5zye87i4n39ksp52fbar6oincs7rkd941ht4o.jpg\" title=\"Peter Schuurman-3\" alt=\"Peter Schuurman-3\" src=\"data:image\/svg+xml;base64,PHN2ZyB3aWR0aD0iMSIgaGVpZ2h0PSIxIiB4bWxucz0iaHR0cDovL3d3dy53My5vcmcvMjAwMC9zdmciPjwvc3ZnPg==\" class=\"lazyload\" style=\"--smush-placeholder-width: 300px; --smush-placeholder-aspect-ratio: 300\/300;\" \/><\/figure><div class=\"elementor-image-box-content\"><h3 class=\"elementor-image-box-title\">Peter Schuurman, Ph.D. (Religious Studies, University of Waterloo)<\/h3><p class=\"elementor-image-box-description\"><ul>\n<li>Executive Director Global Scholars Canada<\/li>\n<li>Canada<\/li>\n<\/ul><\/p><\/div><\/div>\t\t\t\t<\/div>\n\t\t\t\t<\/div>\n\t\t\t\t<div class=\"elementor-element elementor-element-c4c2672 elementor-widget__width-initial elementor-widget-mobile__width-inherit dce_masking-none elementor-position-top elementor-widget elementor-widget-image-box\" data-id=\"c4c2672\" data-element_type=\"widget\" data-e-type=\"widget\" data-widget_type=\"image-box.default\">\n\t\t\t\t<div class=\"elementor-widget-container\">\n\t\t\t\t\t<div class=\"elementor-image-box-wrapper\"><figure class=\"elementor-image-box-img\"><img decoding=\"async\" width=\"400\" height=\"400\" data-src=\"https:\/\/scshub.net\/wp-content\/uploads\/2023\/12\/Obert-Hodzi_EC.png\" class=\"attachment-full size-full wp-image-30242 lazyload\" alt=\"\" data-srcset=\"https:\/\/scshub.net\/wp-content\/uploads\/2023\/12\/Obert-Hodzi_EC.png 400w, https:\/\/scshub.net\/wp-content\/uploads\/2023\/12\/Obert-Hodzi_EC-300x300.png 300w, https:\/\/scshub.net\/wp-content\/uploads\/2023\/12\/Obert-Hodzi_EC-150x150.png 150w\" data-sizes=\"(max-width: 400px) 100vw, 400px\" src=\"data:image\/svg+xml;base64,PHN2ZyB3aWR0aD0iMSIgaGVpZ2h0PSIxIiB4bWxucz0iaHR0cDovL3d3dy53My5vcmcvMjAwMC9zdmciPjwvc3ZnPg==\" style=\"--smush-placeholder-width: 400px; --smush-placeholder-aspect-ratio: 400\/400;\" \/><\/figure><div class=\"elementor-image-box-content\"><h3 class=\"elementor-image-box-title\">Dr. Obert Hodzi (Sciences politiques, Universit\u00e9 Lingnan)<\/h3><p class=\"elementor-image-box-description\"><ul>\n<li>Professeur agr\u00e9g\u00e9 de sciences politiques, Universit\u00e9 de Liverpool, Royaume-Uni<\/li>\n<li>Zimbabwe<\/li>\n<\/ul><\/p><\/div><\/div>\t\t\t\t<\/div>\n\t\t\t\t<\/div>\n\t\t\t\t<div class=\"elementor-element elementor-element-bc94117 elementor-widget__width-initial elementor-widget-mobile__width-inherit dce_masking-none elementor-position-top elementor-widget elementor-widget-image-box\" data-id=\"bc94117\" data-element_type=\"widget\" data-e-type=\"widget\" data-widget_type=\"image-box.default\">\n\t\t\t\t<div class=\"elementor-widget-container\">\n\t\t\t\t\t<div class=\"elementor-image-box-wrapper\"><figure class=\"elementor-image-box-img\"><img decoding=\"async\" width=\"300\" height=\"300\" data-src=\"https:\/\/scshub.net\/wp-content\/uploads\/2023\/12\/McCain_EC.png\" class=\"attachment-medium size-medium wp-image-30500 lazyload\" alt=\"\" data-srcset=\"https:\/\/scshub.net\/wp-content\/uploads\/2023\/12\/McCain_EC.png 300w, https:\/\/scshub.net\/wp-content\/uploads\/2023\/12\/McCain_EC-150x150.png 150w\" data-sizes=\"(max-width: 300px) 100vw, 300px\" src=\"data:image\/svg+xml;base64,PHN2ZyB3aWR0aD0iMSIgaGVpZ2h0PSIxIiB4bWxucz0iaHR0cDovL3d3dy53My5vcmcvMjAwMC9zdmciPjwvc3ZnPg==\" style=\"--smush-placeholder-width: 300px; --smush-placeholder-aspect-ratio: 300\/300;\" \/><\/figure><div class=\"elementor-image-box-content\"><h3 class=\"elementor-image-box-title\">Prof. Danny McCain (Interpr\u00e9tation du Nouveau Testament, Universit\u00e9 Bob Jones)<\/h3><p class=\"elementor-image-box-description\"><ul>\n \t<li>Directeur du Centre de gestion des conflits et d'\u00e9tudes sur la paix ; \u00e9galement professeur de th\u00e9ologie du Nouveau Testament, Universit\u00e9 de Jos<\/li>\n \t<li>Nig\u00e9ria<\/li>\n<\/ul><\/p><\/div><\/div>\t\t\t\t<\/div>\n\t\t\t\t<\/div>\n\t\t\t\t<div class=\"elementor-element elementor-element-d5905d5 elementor-widget__width-initial elementor-widget-mobile__width-inherit dce_masking-none elementor-position-top elementor-widget elementor-widget-image-box\" data-id=\"d5905d5\" data-element_type=\"widget\" data-e-type=\"widget\" data-widget_type=\"image-box.default\">\n\t\t\t\t<div class=\"elementor-widget-container\">\n\t\t\t\t\t<div class=\"elementor-image-box-wrapper\"><figure class=\"elementor-image-box-img\"><img decoding=\"async\" data-src=\"https:\/\/scshub.net\/wp-content\/uploads\/elementor\/thumbs\/Quan-Li_EC-qyy1h5gsnnqawejdt00vam9jflqp67dc1ovlm7pghk.jpg\" title=\"Quan Li_EC\" alt=\"Quan Li_EC\" src=\"data:image\/svg+xml;base64,PHN2ZyB3aWR0aD0iMSIgaGVpZ2h0PSIxIiB4bWxucz0iaHR0cDovL3d3dy53My5vcmcvMjAwMC9zdmciPjwvc3ZnPg==\" class=\"lazyload\" style=\"--smush-placeholder-width: 300px; --smush-placeholder-aspect-ratio: 300\/300;\" \/><\/figure><div class=\"elementor-image-box-content\"><h3 class=\"elementor-image-box-title\">Dr. Quan Li (Th\u00e9ologie, Universit\u00e9 d'\u00c9dimbourg)<\/h3><p class=\"elementor-image-box-description\"><ul>\n \t<li>Chercheur principal Humboldt, Universit\u00e9 libre de Berlin<\/li>\n \t<li>Allemagne (originaire de Chine)<\/li>\n<\/ul><\/p><\/div><\/div>\t\t\t\t<\/div>\n\t\t\t\t<\/div>\n\t\t\t\t<div class=\"elementor-element elementor-element-6828500 elementor-widget__width-initial elementor-widget-mobile__width-inherit dce_masking-none elementor-position-top elementor-widget elementor-widget-image-box\" data-id=\"6828500\" data-element_type=\"widget\" data-e-type=\"widget\" data-widget_type=\"image-box.default\">\n\t\t\t\t<div class=\"elementor-widget-container\">\n\t\t\t\t\t<div class=\"elementor-image-box-wrapper\"><figure class=\"elementor-image-box-img\"><img decoding=\"async\" data-src=\"https:\/\/scshub.net\/wp-content\/uploads\/elementor\/thumbs\/Jon-Terman_EC-qyy1h5gsnnqaho6wbh90q2qxtq67qvxie7yudjz5pg.png\" title=\"Jon Terman_EC\" alt=\"Jon Terman_EC\" src=\"data:image\/svg+xml;base64,PHN2ZyB3aWR0aD0iMSIgaGVpZ2h0PSIxIiB4bWxucz0iaHR0cDovL3d3dy53My5vcmcvMjAwMC9zdmciPjwvc3ZnPg==\" class=\"lazyload\" style=\"--smush-placeholder-width: 300px; --smush-placeholder-aspect-ratio: 300\/298;\" \/><\/figure><div class=\"elementor-image-box-content\"><h3 class=\"elementor-image-box-title\">Dr. Jon Terman (Neurosciences, Universit\u00e9 d'\u00c9tat de l'Ohio)<\/h3><p class=\"elementor-image-box-description\"><ul>\n \t<li>Professeur de neurosciences, Universit\u00e9 du Texas Sud-Ouest<\/li>\n \t<li>\u00c9tats-Unis<\/li>\n<\/ul><\/p><\/div><\/div>\t\t\t\t<\/div>\n\t\t\t\t<\/div>\n\t\t<!-- dce invisible element d6ce62f -->\t\t<div class=\"elementor-element elementor-element-7607cf4 elementor-widget__width-initial elementor-widget-mobile__width-inherit dce_masking-none elementor-position-top elementor-widget elementor-widget-image-box\" data-id=\"7607cf4\" data-element_type=\"widget\" data-e-type=\"widget\" data-widget_type=\"image-box.default\">\n\t\t\t\t<div class=\"elementor-widget-container\">\n\t\t\t\t\t<div class=\"elementor-image-box-wrapper\"><figure class=\"elementor-image-box-img\"><img decoding=\"async\" width=\"299\" height=\"299\" data-src=\"https:\/\/scshub.net\/wp-content\/uploads\/2020\/08\/ExecutiveComittee-Campbell-compressed-e1544123890350.jpg\" class=\"attachment-medium size-medium wp-image-8453 lazyload\" alt=\"\" data-srcset=\"https:\/\/scshub.net\/wp-content\/uploads\/2020\/08\/ExecutiveComittee-Campbell-compressed-e1544123890350.jpg 299w, https:\/\/scshub.net\/wp-content\/uploads\/2020\/08\/ExecutiveComittee-Campbell-compressed-e1544123890350-150x150.jpg 150w, https:\/\/scshub.net\/wp-content\/uploads\/2020\/08\/ExecutiveComittee-Campbell-compressed-e1544123890350-100x100.jpg 100w, https:\/\/scshub.net\/wp-content\/uploads\/2020\/08\/ExecutiveComittee-Campbell-compressed-e1544123890350-200x200.jpg 200w\" data-sizes=\"(max-width: 299px) 100vw, 299px\" src=\"data:image\/svg+xml;base64,PHN2ZyB3aWR0aD0iMSIgaGVpZ2h0PSIxIiB4bWxucz0iaHR0cDovL3d3dy53My5vcmcvMjAwMC9zdmciPjwvc3ZnPg==\" style=\"--smush-placeholder-width: 299px; --smush-placeholder-aspect-ratio: 299\/299;\" \/><\/figure><div class=\"elementor-image-box-content\"><h3 class=\"elementor-image-box-title\">Dr. D. Keith Campbell (Nouveau Testament, S\u00e9minaire th\u00e9ologique baptiste du Sud-Est)<\/h3><p class=\"elementor-image-box-description\"><ul>\n \t<li>Executive Vice President, Global Scholars<\/li>\n \t<li>\u00c9tats-Unis<\/li>\n<\/ul><\/p><\/div><\/div>\t\t\t\t<\/div>\n\t\t\t\t<\/div>\n\t\t\t\t<div class=\"elementor-element elementor-element-e47c79d elementor-widget elementor-widget-text-editor\" data-id=\"e47c79d\" data-element_type=\"widget\" data-e-type=\"widget\" data-widget_type=\"text-editor.default\">\n\t\t\t\t<div class=\"elementor-widget-container\">\n\t\t\t\t\t\t\t\t\t<h2 id=\"governance\">Gouvernance<\/h2>\n<p class=\"translation-block\">La Soci\u00e9t\u00e9 des \u00e9rudits chr\u00e9tiens est <a href=\"https:\/\/scshub.net\/wp-content\/uploads\/2023\/05\/Current-Governing-Policies.pdf\" target=\"_blank\" rel=\"noopener noreferrer\">dirig\u00e9e<\/a> par un comit\u00e9 ex\u00e9cutif qui, selon la politique, doit \u00eatre compos\u00e9 de sept \u00e0 neuf membres repr\u00e9sentant au moins cinq des r\u00e9gions du monde suivantes : Cara\u00efbes, Afrique anglophone\/portugaise, Asie de l\u2019Est, Eurasie, Europe, Afrique francophone, Am\u00e9rique latine, Moyen-Orient\/Afrique du Nord, Am\u00e9rique du Nord, Asie du Sud et Pacifique Sud.<\/p>\t\t\t\t\t\t\t\t<\/div>\n\t\t\t\t<\/div>\n\t\t\t\t<div class=\"elementor-element elementor-element-5dd4b28 elementor-widget elementor-widget-text-editor\" data-id=\"5dd4b28\" data-element_type=\"widget\" data-e-type=\"widget\" data-widget_type=\"text-editor.default\">\n\t\t\t\t<div class=\"elementor-widget-container\">\n\t\t\t\t\t\t\t\t\t<h2 id=\"governance\">Ce que nous croyons<\/h2><p>En accord avec les anciens credos de la foi chr\u00e9tienne tels que le Symbole des Ap\u00f4tres et le Symbole de Nic\u00e9e, la d\u00e9claration de foi suivante est un r\u00e9sum\u00e9 de l'enseignement biblique essentiel alors que nous luttons pour l'unit\u00e9 dans l'essentiel, la libert\u00e9 dans le non essentiel et la charit\u00e9 dans tous. des choses.<\/p><p>Nous croyons\u2026<\/p><p>\u2026 dans les Saintes Ecritures comme \u00e9tant originellement donn\u00e9es par Dieu, divinement inspir\u00e9es, infaillibles, enti\u00e8rement dignes de confiance ; et l\u2019autorit\u00e9 supr\u00eame dans toutes les questions de foi et de conduite.<\/p><p>\u2026 en un seul Dieu, existant \u00e9ternellement en trois personnes, le P\u00e8re, le Fils et le Saint-Esprit.<\/p><p>\u2026 en notre Seigneur J\u00e9sus-Christ, Dieu manifest\u00e9 dans la chair, sa naissance virginale, sa vie humaine sans p\u00e9ch\u00e9, ses miracles divins, sa mort vicaire et expiatoire, sa r\u00e9surrection corporelle, son ascension, son \u0153uvre m\u00e9diatrice et son retour personnel dans la puissance et la gloire.<\/p><p>\u2026 dans le salut des personnes perdues et p\u00e9cheresses par le sang vers\u00e9 du Seigneur J\u00e9sus-Christ, non par les oeuvres mais par la foi et la r\u00e9g\u00e9n\u00e9ration par le Saint-Esprit.<\/p><p>\u2026 en l\u2019Esprit Saint, par lequel le croyant est rendu capable de vivre une vie sainte, de t\u00e9moigner et d\u2019\u0153uvrer pour le Seigneur J\u00e9sus-Christ.<\/p><p>\u2026 dans l\u2019Unit\u00e9 de l\u2019Esprit de tous les vrais croyants, l\u2019\u00c9glise, le Corps du Christ.<\/p><p>\u2026 dans la r\u00e9surrection de ceux qui sont sauv\u00e9s et de ceux qui sont perdus ; ceux qui sont sauv\u00e9s pour la r\u00e9surrection de la vie, ceux qui sont perdus pour la r\u00e9surrection de la damnation.<\/p>\t\t\t\t\t\t\t\t<\/div>\n\t\t\t\t<\/div>\n\t\t\t\t<div data-dce-background-color=\"#37236A\" class=\"elementor-element elementor-element-b7ec88d elementor-align-right elementor-mobile-align-center elementor-widget__width-initial elementor-widget elementor-widget-button\" data-id=\"b7ec88d\" data-element_type=\"widget\" data-e-type=\"widget\" data-widget_type=\"button.default\">\n\t\t\t\t<div class=\"elementor-widget-container\">\n\t\t\t\t\t\t\t\t\t<div class=\"elementor-button-wrapper\">\n\t\t\t\t\t<a class=\"elementor-button elementor-button-link elementor-size-lg elementor-animation-pop\" href=\"https:\/\/scshub.net\/login\/\">\n\t\t\t\t\t\t<span class=\"elementor-button-content-wrapper\">\n\t\t\t\t\t\t\t\t\t<span class=\"elementor-button-text\">Connexion<\/span>\n\t\t\t\t\t<\/span>\n\t\t\t\t\t<\/a>\n\t\t\t\t<\/div>\n\t\t\t\t\t\t\t\t<\/div>\n\t\t\t\t<\/div>\n\t\t\t\t<div data-dce-background-color=\"#008345\" class=\"elementor-element elementor-element-6e0467a2 elementor-align-left elementor-mobile-align-center elementor-widget__width-initial elementor-widget elementor-widget-button\" data-id=\"6e0467a2\" data-element_type=\"widget\" data-e-type=\"widget\" data-widget_type=\"button.default\">\n\t\t\t\t<div class=\"elementor-widget-container\">\n\t\t\t\t\t\t\t\t\t<div class=\"elementor-button-wrapper\">\n\t\t\t\t\t<a class=\"elementor-button elementor-button-link elementor-size-lg elementor-animation-pop\" href=\"https:\/\/scshub.net\/memberships\/\">\n\t\t\t\t\t\t<span class=\"elementor-button-content-wrapper\">\n\t\t\t\t\t\t\t\t\t<span class=\"elementor-button-text\">Rejoignez<\/span>\n\t\t\t\t\t<\/span>\n\t\t\t\t\t<\/a>\n\t\t\t\t<\/div>\n\t\t\t\t\t\t\t\t<\/div>\n\t\t\t\t<\/div>\n\t\t\t\t<div data-dce-background-color=\"#5F3DB6\" class=\"elementor-element elementor-element-15496b03 elementor-align-center elementor-mobile-align-center elementor-widget elementor-widget-button\" data-id=\"15496b03\" data-element_type=\"widget\" data-e-type=\"widget\" data-widget_type=\"button.default\">\n\t\t\t\t<div class=\"elementor-widget-container\">\n\t\t\t\t\t\t\t\t\t<div class=\"elementor-button-wrapper\">\n\t\t\t\t\t<a class=\"elementor-button elementor-button-link elementor-size-lg elementor-animation-pop\" href=\"https:\/\/scshub.net\/compare-free-membership\/\">\n\t\t\t\t\t\t<span class=\"elementor-button-content-wrapper\">\n\t\t\t\t\t\t\t\t\t<span class=\"elementor-button-text\">Adh\u00e9sion d'essai gratuite<\/span>\n\t\t\t\t\t<\/span>\n\t\t\t\t\t<\/a>\n\t\t\t\t<\/div>\n\t\t\t\t\t\t\t\t<\/div>\n\t\t\t\t<\/div>\n\t\t\t\t\t<\/div>\n\t\t<\/div>\n\t\t\t\t\t<\/div>\n\t\t<\/section>\n\t\t\t\t<\/div>","protected":false},"excerpt":{"rendered":"<p>Executive Committee Executive Chair Martine J. Barons, Ph.D. (Complexity Science and Health, University of Warwick) Reader in Statistics, Director of the Applied Statistics &amp; Risk Unit, Department of Statistics, University of Warwick United Kingdom Cossi Augustin AHOGA, Ph.D. (Economy, Theology and Socio-Anthropology, Universit\u00e9 de l&#8217;Alliance Chr\u00e9tienne d&#8217;Abidjan) Lecturer in Interreligious Dialogue, Cultural Anthropology and African [&hellip;]<\/p>\n","protected":false},"author":1,"featured_media":0,"parent":0,"menu_order":0,"comment_status":"closed","ping_status":"closed","template":"","meta":{"_acf_changed":false,"_bbp_topic_count":0,"_bbp_reply_count":0,"_bbp_total_topic_count":0,"_bbp_total_reply_count":0,"_bbp_voice_count":0,"_bbp_anonymous_reply_count":0,"_bbp_topic_count_hidden":0,"_bbp_reply_count_hidden":0,"_bbp_forum_subforum_count":0,"pmpro_default_level":"","footnotes":""},"class_list":["post-8464","page","type-page","status-publish","hentry","pmpro-has-access"],"acf":[],"_links":{"self":[{"href":"https:\/\/scshub.net\/fr\/wp-json\/wp\/v2\/pages\/8464","targetHints":{"allow":["GET"]}}],"collection":[{"href":"https:\/\/scshub.net\/fr\/wp-json\/wp\/v2\/pages"}],"about":[{"href":"https:\/\/scshub.net\/fr\/wp-json\/wp\/v2\/types\/page"}],"author":[{"embeddable":true,"href":"https:\/\/scshub.net\/fr\/wp-json\/wp\/v2\/users\/1"}],"replies":[{"embeddable":true,"href":"https:\/\/scshub.net\/fr\/wp-json\/wp\/v2\/comments?post=8464"}],"version-history":[{"count":63,"href":"https:\/\/scshub.net\/fr\/wp-json\/wp\/v2\/pages\/8464\/revisions"}],"predecessor-version":[{"id":41625,"href":"https:\/\/scshub.net\/fr\/wp-json\/wp\/v2\/pages\/8464\/revisions\/41625"}],"wp:attachment":[{"href":"https:\/\/scshub.net\/fr\/wp-json\/wp\/v2\/media?parent=8464"}],"curies":[{"name":"wp","href":"https:\/\/api.w.org\/{rel}","templated":true}]}}