{"id":8464,"date":"2020-08-12T15:13:16","date_gmt":"2020-08-12T20:13:16","guid":{"rendered":"https:\/\/scshub.net\/?page_id=8464"},"modified":"2026-04-29T12:23:02","modified_gmt":"2026-04-29T17:23:02","slug":"governance","status":"publish","type":"page","link":"https:\/\/scshub.net\/es\/governance\/","title":{"rendered":"Gobernanza"},"content":{"rendered":"<div data-elementor-type=\"wp-page\" data-elementor-id=\"8464\" class=\"elementor elementor-8464\" data-elementor-post-type=\"page\">\n\t\t\t\t\t\t<section data-dce-background-color=\"#FFFFFF\" class=\"elementor-section elementor-top-section elementor-element elementor-element-380f71b peepso-box elementor-section-boxed elementor-section-height-default elementor-section-height-default\" data-id=\"380f71b\" data-element_type=\"section\" data-e-type=\"section\" data-settings=\"{&quot;background_background&quot;:&quot;classic&quot;}\">\n\t\t\t\t\t\t<div class=\"elementor-container elementor-column-gap-default\">\n\t\t\t\t\t<div class=\"elementor-column elementor-col-100 elementor-top-column elementor-element elementor-element-c8cf8fe\" data-id=\"c8cf8fe\" data-element_type=\"column\" data-e-type=\"column\">\n\t\t\t<div class=\"elementor-widget-wrap elementor-element-populated\">\n\t\t\t\t\t\t<div data-dce-title-color=\"#54595F\" class=\"elementor-element elementor-element-81d8f8e elementor-widget elementor-widget-heading\" data-id=\"81d8f8e\" data-element_type=\"widget\" data-e-type=\"widget\" data-widget_type=\"heading.default\">\n\t\t\t\t<div class=\"elementor-widget-container\">\n\t\t\t\t\t<h1 class=\"elementor-heading-title elementor-size-default\">Comit\u00e9 Ejecutivo<\/h1>\t\t\t\t<\/div>\n\t\t\t\t<\/div>\n\t\t\t\t\t<\/div>\n\t\t<\/div>\n\t\t\t\t\t<\/div>\n\t\t<\/section>\n\t\t\t\t<section class=\"elementor-section elementor-top-section elementor-element elementor-element-4700ef4 elementor-section-full_width peepso-box elementor-section-height-default elementor-section-height-default\" data-id=\"4700ef4\" data-element_type=\"section\" data-e-type=\"section\">\n\t\t\t\t\t\t<div class=\"elementor-container elementor-column-gap-default\">\n\t\t\t\t\t<div class=\"elementor-column elementor-col-100 elementor-top-column elementor-element elementor-element-bee4f0c\" data-id=\"bee4f0c\" data-element_type=\"column\" data-e-type=\"column\">\n\t\t\t<div class=\"elementor-widget-wrap elementor-element-populated\">\n\t\t\t\t\t\t<div class=\"elementor-element elementor-element-c739c14 elementor-widget__width-initial elementor-widget-mobile__width-inherit dce_masking-none elementor-position-top elementor-widget elementor-widget-image-box\" data-id=\"c739c14\" data-element_type=\"widget\" data-e-type=\"widget\" data-widget_type=\"image-box.default\">\n\t\t\t\t<div class=\"elementor-widget-container\">\n\t\t\t\t\t<div class=\"elementor-image-box-wrapper\"><figure class=\"elementor-image-box-img\"><img fetchpriority=\"high\" decoding=\"async\" width=\"300\" height=\"300\" src=\"https:\/\/scshub.net\/wp-content\/uploads\/2023\/12\/Martine-Barons_EC-300x300.jpg\" class=\"attachment-medium size-medium wp-image-30478\" alt=\"\" srcset=\"https:\/\/scshub.net\/wp-content\/uploads\/2023\/12\/Martine-Barons_EC-300x300.jpg 300w, https:\/\/scshub.net\/wp-content\/uploads\/2023\/12\/Martine-Barons_EC-1024x1024.jpg 1024w, https:\/\/scshub.net\/wp-content\/uploads\/2023\/12\/Martine-Barons_EC-150x150.jpg 150w, https:\/\/scshub.net\/wp-content\/uploads\/2023\/12\/Martine-Barons_EC-768x767.jpg 768w, https:\/\/scshub.net\/wp-content\/uploads\/2023\/12\/Martine-Barons_EC.jpg 1251w\" sizes=\"(max-width: 300px) 100vw, 300px\" \/><\/figure><div class=\"elementor-image-box-content\"><h3 class=\"elementor-image-box-title\">Executive Chair <\/br>Dra. Martine J. Barons (Ciencia de la Complejidad y Salud, Universidad de Warwick<\/h3><p class=\"elementor-image-box-description\"><ul>\n<li>Reader in Statistics, Director of the Applied Statistics &amp; Risk Unit, Department of Statistics, University of Warwick<\/li>\n<li>Reino Unido<\/li>\n<\/p><\/div><\/div>\t\t\t\t<\/div>\n\t\t\t\t<\/div>\n\t\t\t\t<div class=\"elementor-element elementor-element-66a9aa8 elementor-widget__width-initial elementor-widget-mobile__width-inherit dce_masking-none elementor-position-top elementor-widget elementor-widget-image-box\" data-id=\"66a9aa8\" data-element_type=\"widget\" data-e-type=\"widget\" data-widget_type=\"image-box.default\">\n\t\t\t\t<div class=\"elementor-widget-container\">\n\t\t\t\t\t<div class=\"elementor-image-box-wrapper\"><figure class=\"elementor-image-box-img\"><img decoding=\"async\" width=\"300\" height=\"300\" data-src=\"https:\/\/scshub.net\/wp-content\/uploads\/2023\/12\/Cossi-Augustin-AHOGA_EC-300x300.png\" class=\"attachment-medium size-medium wp-image-30482 lazyload\" alt=\"\" data-srcset=\"https:\/\/scshub.net\/wp-content\/uploads\/2023\/12\/Cossi-Augustin-AHOGA_EC-300x300.png 300w, https:\/\/scshub.net\/wp-content\/uploads\/2023\/12\/Cossi-Augustin-AHOGA_EC-150x150.png 150w, https:\/\/scshub.net\/wp-content\/uploads\/2023\/12\/Cossi-Augustin-AHOGA_EC-768x768.png 768w, https:\/\/scshub.net\/wp-content\/uploads\/2023\/12\/Cossi-Augustin-AHOGA_EC.png 1024w\" data-sizes=\"(max-width: 300px) 100vw, 300px\" src=\"data:image\/svg+xml;base64,PHN2ZyB3aWR0aD0iMSIgaGVpZ2h0PSIxIiB4bWxucz0iaHR0cDovL3d3dy53My5vcmcvMjAwMC9zdmciPjwvc3ZnPg==\" style=\"--smush-placeholder-width: 300px; --smush-placeholder-aspect-ratio: 300\/300;\" \/><\/figure><div class=\"elementor-image-box-content\"><h3 class=\"elementor-image-box-title\">Prof. Cossi Augustin AHOGA (Econom\u00eda, Teolog\u00eda y Socioantropolog\u00eda, Universit\u00e9 de l'Alliance Chr\u00e9tienne d'Abidjan)<\/h3><p class=\"elementor-image-box-description\"><ul>\n<li>Profesor de Di\u00e1logo Interreligioso, Antropolog\u00eda Cultural y Realidades End\u00f3genas Africanas. Presidente del Laboratorio Interdisciplinario de Realidades End\u00f3genas: LIRE-Afrique<\/li>\n<li>Ben\u00edn<\/li>\n<\/ul><\/p><\/div><\/div>\t\t\t\t<\/div>\n\t\t\t\t<\/div>\n\t\t\t\t<div class=\"elementor-element elementor-element-94b354a elementor-widget__width-initial elementor-widget-mobile__width-inherit dce_masking-none elementor-position-top elementor-widget elementor-widget-image-box\" data-id=\"94b354a\" data-element_type=\"widget\" data-e-type=\"widget\" data-widget_type=\"image-box.default\">\n\t\t\t\t<div class=\"elementor-widget-container\">\n\t\t\t\t\t<div class=\"elementor-image-box-wrapper\"><figure class=\"elementor-image-box-img\"><img decoding=\"async\" width=\"300\" height=\"300\" data-src=\"https:\/\/scshub.net\/wp-content\/uploads\/2025\/10\/Tavershima-Dzenda-EC-e1761067534423-300x300.jpg\" class=\"attachment-medium size-medium wp-image-39660 lazyload\" alt=\"\" data-srcset=\"https:\/\/scshub.net\/wp-content\/uploads\/2025\/10\/Tavershima-Dzenda-EC-e1761067534423-300x300.jpg 300w, https:\/\/scshub.net\/wp-content\/uploads\/2025\/10\/Tavershima-Dzenda-EC-e1761067534423-1024x1024.jpg 1024w, https:\/\/scshub.net\/wp-content\/uploads\/2025\/10\/Tavershima-Dzenda-EC-e1761067534423-150x150.jpg 150w, https:\/\/scshub.net\/wp-content\/uploads\/2025\/10\/Tavershima-Dzenda-EC-e1761067534423-768x768.jpg 768w, https:\/\/scshub.net\/wp-content\/uploads\/2025\/10\/Tavershima-Dzenda-EC-e1761067534423-12x12.jpg 12w, https:\/\/scshub.net\/wp-content\/uploads\/2025\/10\/Tavershima-Dzenda-EC-e1761067534423-1320x1320.jpg 1320w, https:\/\/scshub.net\/wp-content\/uploads\/2025\/10\/Tavershima-Dzenda-EC-e1761067534423.jpg 1371w\" data-sizes=\"(max-width: 300px) 100vw, 300px\" src=\"data:image\/svg+xml;base64,PHN2ZyB3aWR0aD0iMSIgaGVpZ2h0PSIxIiB4bWxucz0iaHR0cDovL3d3dy53My5vcmcvMjAwMC9zdmciPjwvc3ZnPg==\" style=\"--smush-placeholder-width: 300px; --smush-placeholder-aspect-ratio: 300\/300;\" \/><\/figure><div class=\"elementor-image-box-content\"><h3 class=\"elementor-image-box-title\">Tavershima Dzenda, Ph.D. (Veterinary Physiology, Ahmadu Bello University, Nigeria)<\/h3><p class=\"elementor-image-box-description\"><ul>\n \t<li>Professor of Veterinary Physiology,\nAhmadu Bello University, Nigeria. <\/li>\n \t<li>Nigeria<\/li>\n<\/ul><\/p><\/div><\/div>\t\t\t\t<\/div>\n\t\t\t\t<\/div>\n\t\t\t\t<div class=\"elementor-element elementor-element-6a8033f elementor-widget__width-initial elementor-widget-mobile__width-inherit dce_masking-none elementor-position-top elementor-widget elementor-widget-image-box\" data-id=\"6a8033f\" data-element_type=\"widget\" data-e-type=\"widget\" data-widget_type=\"image-box.default\">\n\t\t\t\t<div class=\"elementor-widget-container\">\n\t\t\t\t\t<div class=\"elementor-image-box-wrapper\"><figure class=\"elementor-image-box-img\"><img decoding=\"async\" data-src=\"https:\/\/scshub.net\/wp-content\/uploads\/elementor\/thumbs\/Peter-Schuurman-3-e1759859353464-rcv8n5zye87i4n39ksp52fbar6oincs7rkd941ht4o.jpg\" title=\"Peter Schuurman-3\" alt=\"Peter Schuurman-3\" src=\"data:image\/svg+xml;base64,PHN2ZyB3aWR0aD0iMSIgaGVpZ2h0PSIxIiB4bWxucz0iaHR0cDovL3d3dy53My5vcmcvMjAwMC9zdmciPjwvc3ZnPg==\" class=\"lazyload\" style=\"--smush-placeholder-width: 300px; --smush-placeholder-aspect-ratio: 300\/300;\" \/><\/figure><div class=\"elementor-image-box-content\"><h3 class=\"elementor-image-box-title\">Peter Schuurman, Ph.D. (Religious Studies, University of Waterloo)<\/h3><p class=\"elementor-image-box-description\"><ul>\n<li>Executive Director Global Scholars Canada<\/li>\n<li>Canada<\/li>\n<\/ul><\/p><\/div><\/div>\t\t\t\t<\/div>\n\t\t\t\t<\/div>\n\t\t\t\t<div class=\"elementor-element elementor-element-c4c2672 elementor-widget__width-initial elementor-widget-mobile__width-inherit dce_masking-none elementor-position-top elementor-widget elementor-widget-image-box\" data-id=\"c4c2672\" data-element_type=\"widget\" data-e-type=\"widget\" data-widget_type=\"image-box.default\">\n\t\t\t\t<div class=\"elementor-widget-container\">\n\t\t\t\t\t<div class=\"elementor-image-box-wrapper\"><figure class=\"elementor-image-box-img\"><img decoding=\"async\" width=\"400\" height=\"400\" data-src=\"https:\/\/scshub.net\/wp-content\/uploads\/2023\/12\/Obert-Hodzi_EC.png\" class=\"attachment-full size-full wp-image-30242 lazyload\" alt=\"\" data-srcset=\"https:\/\/scshub.net\/wp-content\/uploads\/2023\/12\/Obert-Hodzi_EC.png 400w, https:\/\/scshub.net\/wp-content\/uploads\/2023\/12\/Obert-Hodzi_EC-300x300.png 300w, https:\/\/scshub.net\/wp-content\/uploads\/2023\/12\/Obert-Hodzi_EC-150x150.png 150w\" data-sizes=\"(max-width: 400px) 100vw, 400px\" src=\"data:image\/svg+xml;base64,PHN2ZyB3aWR0aD0iMSIgaGVpZ2h0PSIxIiB4bWxucz0iaHR0cDovL3d3dy53My5vcmcvMjAwMC9zdmciPjwvc3ZnPg==\" style=\"--smush-placeholder-width: 400px; --smush-placeholder-aspect-ratio: 400\/400;\" \/><\/figure><div class=\"elementor-image-box-content\"><h3 class=\"elementor-image-box-title\">Dr. Obert Hodzi (Ciencias Pol\u00edticas, Universidad Lingnan)<\/h3><p class=\"elementor-image-box-description\"><ul>\n<li>Profesor asociado de Pol\u00edtica, Universidad de Liverpool, Reino Unido<\/li>\n<li>Zimbabue<\/li>\n<\/ul><\/p><\/div><\/div>\t\t\t\t<\/div>\n\t\t\t\t<\/div>\n\t\t\t\t<div class=\"elementor-element elementor-element-bc94117 elementor-widget__width-initial elementor-widget-mobile__width-inherit dce_masking-none elementor-position-top elementor-widget elementor-widget-image-box\" data-id=\"bc94117\" data-element_type=\"widget\" data-e-type=\"widget\" data-widget_type=\"image-box.default\">\n\t\t\t\t<div class=\"elementor-widget-container\">\n\t\t\t\t\t<div class=\"elementor-image-box-wrapper\"><figure class=\"elementor-image-box-img\"><img decoding=\"async\" width=\"300\" height=\"300\" data-src=\"https:\/\/scshub.net\/wp-content\/uploads\/2023\/12\/McCain_EC.png\" class=\"attachment-medium size-medium wp-image-30500 lazyload\" alt=\"\" data-srcset=\"https:\/\/scshub.net\/wp-content\/uploads\/2023\/12\/McCain_EC.png 300w, https:\/\/scshub.net\/wp-content\/uploads\/2023\/12\/McCain_EC-150x150.png 150w\" data-sizes=\"(max-width: 300px) 100vw, 300px\" src=\"data:image\/svg+xml;base64,PHN2ZyB3aWR0aD0iMSIgaGVpZ2h0PSIxIiB4bWxucz0iaHR0cDovL3d3dy53My5vcmcvMjAwMC9zdmciPjwvc3ZnPg==\" style=\"--smush-placeholder-width: 300px; --smush-placeholder-aspect-ratio: 300\/300;\" \/><\/figure><div class=\"elementor-image-box-content\"><h3 class=\"elementor-image-box-title\">Prof. Danny McCain (Interpretaci\u00f3n del Nuevo Testamento, Universidad Bob Jones)<\/h3><p class=\"elementor-image-box-description\"><ul>\n \t<li>Director del Centro de Gesti\u00f3n de Conflictos y Estudios de Paz; tambi\u00e9n profesor de Teolog\u00eda del Nuevo Testamento, Universidad de Jos<\/li>\n \t<li>Nigeria<\/li>\n<\/ul><\/p><\/div><\/div>\t\t\t\t<\/div>\n\t\t\t\t<\/div>\n\t\t\t\t<div class=\"elementor-element elementor-element-d5905d5 elementor-widget__width-initial elementor-widget-mobile__width-inherit dce_masking-none elementor-position-top elementor-widget elementor-widget-image-box\" data-id=\"d5905d5\" data-element_type=\"widget\" data-e-type=\"widget\" data-widget_type=\"image-box.default\">\n\t\t\t\t<div class=\"elementor-widget-container\">\n\t\t\t\t\t<div class=\"elementor-image-box-wrapper\"><figure class=\"elementor-image-box-img\"><img decoding=\"async\" data-src=\"https:\/\/scshub.net\/wp-content\/uploads\/elementor\/thumbs\/Quan-Li_EC-qyy1h5gsnnqawejdt00vam9jflqp67dc1ovlm7pghk.jpg\" title=\"Quan Li_EC\" alt=\"Quan Li_EC\" src=\"data:image\/svg+xml;base64,PHN2ZyB3aWR0aD0iMSIgaGVpZ2h0PSIxIiB4bWxucz0iaHR0cDovL3d3dy53My5vcmcvMjAwMC9zdmciPjwvc3ZnPg==\" class=\"lazyload\" style=\"--smush-placeholder-width: 300px; --smush-placeholder-aspect-ratio: 300\/300;\" \/><\/figure><div class=\"elementor-image-box-content\"><h3 class=\"elementor-image-box-title\">Dr. Quan Li (Teolog\u00eda, Universidad de Edimburgo)<\/h3><p class=\"elementor-image-box-description\"><ul>\n \t<li>Compa\u00f1ero senior de Humboldt, Universidad Libre de Berl\u00edn<\/li>\n \t<li>Alemania (Original de China)<\/li>\n<\/ul><\/p><\/div><\/div>\t\t\t\t<\/div>\n\t\t\t\t<\/div>\n\t\t\t\t<div class=\"elementor-element elementor-element-6828500 elementor-widget__width-initial elementor-widget-mobile__width-inherit dce_masking-none elementor-position-top elementor-widget elementor-widget-image-box\" data-id=\"6828500\" data-element_type=\"widget\" data-e-type=\"widget\" data-widget_type=\"image-box.default\">\n\t\t\t\t<div class=\"elementor-widget-container\">\n\t\t\t\t\t<div class=\"elementor-image-box-wrapper\"><figure class=\"elementor-image-box-img\"><img decoding=\"async\" data-src=\"https:\/\/scshub.net\/wp-content\/uploads\/elementor\/thumbs\/Jon-Terman_EC-qyy1h5gsnnqaho6wbh90q2qxtq67qvxie7yudjz5pg.png\" title=\"Jon Terman_EC\" alt=\"Jon Terman_EC\" src=\"data:image\/svg+xml;base64,PHN2ZyB3aWR0aD0iMSIgaGVpZ2h0PSIxIiB4bWxucz0iaHR0cDovL3d3dy53My5vcmcvMjAwMC9zdmciPjwvc3ZnPg==\" class=\"lazyload\" style=\"--smush-placeholder-width: 300px; --smush-placeholder-aspect-ratio: 300\/298;\" \/><\/figure><div class=\"elementor-image-box-content\"><h3 class=\"elementor-image-box-title\">Dr. Jon Terman (Neurociencia, Universidad Estatal de Ohio)<\/h3><p class=\"elementor-image-box-description\"><ul>\n \t<li>Profesor de Neurociencia, Universidad de Texas Southwestern<\/li>\n \t<li>Estados Unidos<\/li>\n<\/ul><\/p><\/div><\/div>\t\t\t\t<\/div>\n\t\t\t\t<\/div>\n\t\t<!-- dce invisible element d6ce62f -->\t\t<div class=\"elementor-element elementor-element-7607cf4 elementor-widget__width-initial elementor-widget-mobile__width-inherit dce_masking-none elementor-position-top elementor-widget elementor-widget-image-box\" data-id=\"7607cf4\" data-element_type=\"widget\" data-e-type=\"widget\" data-widget_type=\"image-box.default\">\n\t\t\t\t<div class=\"elementor-widget-container\">\n\t\t\t\t\t<div class=\"elementor-image-box-wrapper\"><figure class=\"elementor-image-box-img\"><img decoding=\"async\" width=\"299\" height=\"299\" data-src=\"https:\/\/scshub.net\/wp-content\/uploads\/2020\/08\/ExecutiveComittee-Campbell-compressed-e1544123890350.jpg\" class=\"attachment-medium size-medium wp-image-8453 lazyload\" alt=\"\" data-srcset=\"https:\/\/scshub.net\/wp-content\/uploads\/2020\/08\/ExecutiveComittee-Campbell-compressed-e1544123890350.jpg 299w, https:\/\/scshub.net\/wp-content\/uploads\/2020\/08\/ExecutiveComittee-Campbell-compressed-e1544123890350-150x150.jpg 150w, https:\/\/scshub.net\/wp-content\/uploads\/2020\/08\/ExecutiveComittee-Campbell-compressed-e1544123890350-100x100.jpg 100w, https:\/\/scshub.net\/wp-content\/uploads\/2020\/08\/ExecutiveComittee-Campbell-compressed-e1544123890350-200x200.jpg 200w\" data-sizes=\"(max-width: 299px) 100vw, 299px\" src=\"data:image\/svg+xml;base64,PHN2ZyB3aWR0aD0iMSIgaGVpZ2h0PSIxIiB4bWxucz0iaHR0cDovL3d3dy53My5vcmcvMjAwMC9zdmciPjwvc3ZnPg==\" style=\"--smush-placeholder-width: 299px; --smush-placeholder-aspect-ratio: 299\/299;\" \/><\/figure><div class=\"elementor-image-box-content\"><h3 class=\"elementor-image-box-title\">Dr. D. Keith Campbell, (Nuevo Testamento, Seminario Teol\u00f3gico Bautista del Sureste)<\/h3><p class=\"elementor-image-box-description\"><ul>\n \t<li>Executive Vice President, Global Scholars<\/li>\n \t<li>Estados Unidos<\/li>\n<\/ul><\/p><\/div><\/div>\t\t\t\t<\/div>\n\t\t\t\t<\/div>\n\t\t\t\t<div class=\"elementor-element elementor-element-e47c79d elementor-widget elementor-widget-text-editor\" data-id=\"e47c79d\" data-element_type=\"widget\" data-e-type=\"widget\" data-widget_type=\"text-editor.default\">\n\t\t\t\t<div class=\"elementor-widget-container\">\n\t\t\t\t\t\t\t\t\t<h2 id=\"governance\">Gobernanza<\/h2>\n<p class=\"translation-block\">La Sociedad de Cristianos Acad\u00e9micos est\u00e1 <a href=\"https:\/\/scshub.net\/wp-content\/uploads\/2023\/05\/Current-Governing-Policies.pdf\" target=\"_blank\" rel=\"noopener noreferrer\">gobernada<\/a> por un Comit\u00e9 Ejecutivo que, seg\u00fan la pol\u00edtica, debe estar formado por siete a nueve miembros que representen al menos cinco de las siguientes regiones del mundo: el Caribe, \u00c1frica de habla inglesa\/portuguesa, Asia Oriental, Eurasia, Europa, \u00c1frica franc\u00f3fona, Am\u00e9rica Latina, Oriente Medio\/\u00c1frica del Norte, Am\u00e9rica del Norte, Asia Meridional y Pac\u00edfico Sur.<\/p>\t\t\t\t\t\t\t\t<\/div>\n\t\t\t\t<\/div>\n\t\t\t\t<div class=\"elementor-element elementor-element-5dd4b28 elementor-widget elementor-widget-text-editor\" data-id=\"5dd4b28\" data-element_type=\"widget\" data-e-type=\"widget\" data-widget_type=\"text-editor.default\">\n\t\t\t\t<div class=\"elementor-widget-container\">\n\t\t\t\t\t\t\t\t\t<h2 id=\"governance\">En qu\u00e9 creemos<\/h2><p>De acuerdo con los antiguos credos de la fe cristiana, como el Credo de los Ap\u00f3stoles y el Credo de Nicea, la siguiente declaraci\u00f3n de fe es un resumen de la ense\u00f1anza b\u00edblica esencial mientras luchamos por la unidad en lo esencial, la libertad en lo no esencial y la caridad en todo. cosas.<\/p><p>Creemos\u2026<\/p><p>\u2026en las Sagradas Escrituras como originalmente dadas por Dios, divinamente inspiradas, infalibles, completamente fiables; y como la autoridad suprema en todos los asuntos de fe y conducta.<\/p><p>\u2026 en un solo Dios, que existe eternamente en tres personas, Padre, Hijo y Esp\u00edritu Santo.<\/p><p>\u2026 en nuestro Se\u00f1or Jesucristo, Dios manifestado en la carne, su nacimiento virginal, su vida humana sin pecado, sus milagros divinos, su muerte vicaria y expiatoria, su resurrecci\u00f3n corporal, su ascensi\u00f3n, su obra mediadora y su regreso personal en poder y gloria.<\/p><p>\u2026 en la Salvaci\u00f3n de las personas perdidas y pecadoras a trav\u00e9s de la sangre derramada del Se\u00f1or Jesucristo por la fe y no por obras, y la regeneraci\u00f3n por el Esp\u00edritu Santo.<\/p><p>\u2026 en el Esp\u00edritu Santo, cuya presencia en el creyente lo capacita para vivir una vida santa, para dar testimonio y trabajar para el Se\u00f1or Jesucristo.<\/p><p>\u2026en la Unidad por mdeio del Esp\u00edritu de todos los verdaderos creyentes, la Iglesia, el Cuerpo de Cristo.<\/p><p>\u2026 en la resurrecci\u00f3n tanto de los salvos como de los perdidos; los salvos resucitan para vida, los que se pierden para condenaci\u00f3n.<\/p>\t\t\t\t\t\t\t\t<\/div>\n\t\t\t\t<\/div>\n\t\t\t\t<div data-dce-background-color=\"#37236A\" class=\"elementor-element elementor-element-b7ec88d elementor-align-right elementor-mobile-align-center elementor-widget__width-initial elementor-widget elementor-widget-button\" data-id=\"b7ec88d\" data-element_type=\"widget\" data-e-type=\"widget\" data-widget_type=\"button.default\">\n\t\t\t\t<div class=\"elementor-widget-container\">\n\t\t\t\t\t\t\t\t\t<div class=\"elementor-button-wrapper\">\n\t\t\t\t\t<a class=\"elementor-button elementor-button-link elementor-size-lg elementor-animation-pop\" href=\"https:\/\/scshub.net\/login\/\">\n\t\t\t\t\t\t<span class=\"elementor-button-content-wrapper\">\n\t\t\t\t\t\t\t\t\t<span class=\"elementor-button-text\">Conectarse<\/span>\n\t\t\t\t\t<\/span>\n\t\t\t\t\t<\/a>\n\t\t\t\t<\/div>\n\t\t\t\t\t\t\t\t<\/div>\n\t\t\t\t<\/div>\n\t\t\t\t<div data-dce-background-color=\"#008345\" class=\"elementor-element elementor-element-6e0467a2 elementor-align-left elementor-mobile-align-center elementor-widget__width-initial elementor-widget elementor-widget-button\" data-id=\"6e0467a2\" data-element_type=\"widget\" data-e-type=\"widget\" data-widget_type=\"button.default\">\n\t\t\t\t<div class=\"elementor-widget-container\">\n\t\t\t\t\t\t\t\t\t<div class=\"elementor-button-wrapper\">\n\t\t\t\t\t<a class=\"elementor-button elementor-button-link elementor-size-lg elementor-animation-pop\" href=\"https:\/\/scshub.net\/memberships\/\">\n\t\t\t\t\t\t<span class=\"elementor-button-content-wrapper\">\n\t\t\t\t\t\t\t\t\t<span class=\"elementor-button-text\">Unirse<\/span>\n\t\t\t\t\t<\/span>\n\t\t\t\t\t<\/a>\n\t\t\t\t<\/div>\n\t\t\t\t\t\t\t\t<\/div>\n\t\t\t\t<\/div>\n\t\t\t\t<div data-dce-background-color=\"#5F3DB6\" class=\"elementor-element elementor-element-15496b03 elementor-align-center elementor-mobile-align-center elementor-widget elementor-widget-button\" data-id=\"15496b03\" data-element_type=\"widget\" data-e-type=\"widget\" data-widget_type=\"button.default\">\n\t\t\t\t<div class=\"elementor-widget-container\">\n\t\t\t\t\t\t\t\t\t<div class=\"elementor-button-wrapper\">\n\t\t\t\t\t<a class=\"elementor-button elementor-button-link elementor-size-lg elementor-animation-pop\" href=\"https:\/\/scshub.net\/compare-free-membership\/\">\n\t\t\t\t\t\t<span class=\"elementor-button-content-wrapper\">\n\t\t\t\t\t\t\t\t\t<span class=\"elementor-button-text\">Membres\u00eda de prueba gratuita<\/span>\n\t\t\t\t\t<\/span>\n\t\t\t\t\t<\/a>\n\t\t\t\t<\/div>\n\t\t\t\t\t\t\t\t<\/div>\n\t\t\t\t<\/div>\n\t\t\t\t\t<\/div>\n\t\t<\/div>\n\t\t\t\t\t<\/div>\n\t\t<\/section>\n\t\t\t\t<\/div>","protected":false},"excerpt":{"rendered":"<p>Executive Committee Executive Chair Martine J. Barons, Ph.D. (Complexity Science and Health, University of Warwick) Reader in Statistics, Director of the Applied Statistics &amp; Risk Unit, Department of Statistics, University of Warwick United Kingdom Cossi Augustin AHOGA, Ph.D. (Economy, Theology and Socio-Anthropology, Universit\u00e9 de l&#8217;Alliance Chr\u00e9tienne d&#8217;Abidjan) Lecturer in Interreligious Dialogue, Cultural Anthropology and African [&hellip;]<\/p>\n","protected":false},"author":1,"featured_media":0,"parent":0,"menu_order":0,"comment_status":"closed","ping_status":"closed","template":"","meta":{"_acf_changed":false,"_bbp_topic_count":0,"_bbp_reply_count":0,"_bbp_total_topic_count":0,"_bbp_total_reply_count":0,"_bbp_voice_count":0,"_bbp_anonymous_reply_count":0,"_bbp_topic_count_hidden":0,"_bbp_reply_count_hidden":0,"_bbp_forum_subforum_count":0,"pmpro_default_level":"","footnotes":""},"class_list":["post-8464","page","type-page","status-publish","hentry","pmpro-has-access"],"acf":[],"_links":{"self":[{"href":"https:\/\/scshub.net\/es\/wp-json\/wp\/v2\/pages\/8464","targetHints":{"allow":["GET"]}}],"collection":[{"href":"https:\/\/scshub.net\/es\/wp-json\/wp\/v2\/pages"}],"about":[{"href":"https:\/\/scshub.net\/es\/wp-json\/wp\/v2\/types\/page"}],"author":[{"embeddable":true,"href":"https:\/\/scshub.net\/es\/wp-json\/wp\/v2\/users\/1"}],"replies":[{"embeddable":true,"href":"https:\/\/scshub.net\/es\/wp-json\/wp\/v2\/comments?post=8464"}],"version-history":[{"count":63,"href":"https:\/\/scshub.net\/es\/wp-json\/wp\/v2\/pages\/8464\/revisions"}],"predecessor-version":[{"id":41625,"href":"https:\/\/scshub.net\/es\/wp-json\/wp\/v2\/pages\/8464\/revisions\/41625"}],"wp:attachment":[{"href":"https:\/\/scshub.net\/es\/wp-json\/wp\/v2\/media?parent=8464"}],"curies":[{"name":"wp","href":"https:\/\/api.w.org\/{rel}","templated":true}]}}